{"id":2727,"date":"2024-04-02T16:47:33","date_gmt":"2024-04-02T16:47:33","guid":{"rendered":"https:\/\/niko.lipkowitsch.de\/?page_id=2727"},"modified":"2024-04-09T20:21:58","modified_gmt":"2024-04-09T20:21:58","slug":"portugal","status":"publish","type":"page","link":"https:\/\/OnSouthernRoads.lipkowitsch.de\/index.php\/portugal\/","title":{"rendered":"Portugal"},"content":{"rendered":"\n<p>Was in Erinnerung bleibt:<br>-> die Orangenb\u00e4ume und der herrliche Duft, dazu der frisch gepresste Saft zum Fr\u00fchst\u00fcck<br>-> die Pasteis und der gute Kaffee f\u00fcr 1 \u20ac<br>-> gut gelauntes, hilfsbereites Personal<br>-> die Vielfalt an tollen Appartements und Hotelzimmern<br>-> die schrecklichen Ferienanlagen und Hotelburgen an der Algarve aber nicht nur dort<br>-> das wichtigste Werkzeug auf portugiesischen Baustellen ist die Flex<br>-> die Felsen und Buchten im Westen der Algarve und der wilde, aber gr\u00fcn blaue Atlantik<br>-> es bl\u00fcht in allen erdenklichen Farben<br>-> Stra\u00dfen bis zum Horizont, eine Stunde geradeaus, null Autos<br>-> \u00fcberaus r\u00fccksichtsvolle Autofahrer<br>-> Sand- und Schlaglochpisten, 20% Steigung, ausgewiesen als Radroute &#8216;EuroVelo 1&#8217;<br>-> zu viele kl\u00e4ffende Hunde<br>-> sehr dynamisches und feuchtes Wetter, manchmal k\u00e4lter als daheim<br><\/p>\n\n\n\n<p>Die Etappen<\/p>\n\n\n<ul class=\"display-posts-listing\"><li class=\"listing-item\"><a class=\"title\" href=\"https:\/\/OnSouthernRoads.lipkowitsch.de\/index.php\/2024\/03\/15\/von-ayamonte-nach-faro\/\">Von Ayamonte nach Faro<\/a><\/li><li class=\"listing-item\"><a class=\"title\" href=\"https:\/\/OnSouthernRoads.lipkowitsch.de\/index.php\/2024\/03\/16\/von-faro-nach-albufeira\/\">Von Faro nach Albufeira<\/a><\/li><li class=\"listing-item\"><a class=\"title\" href=\"https:\/\/OnSouthernRoads.lipkowitsch.de\/index.php\/2024\/03\/17\/von-albufeira-nach-portimao\/\">Von Albufeira nach Portim\u00e3o<\/a><\/li><li class=\"listing-item\"><a class=\"title\" href=\"https:\/\/OnSouthernRoads.lipkowitsch.de\/index.php\/2024\/03\/18\/von-portimao-nach-vila-do-bispo\/\">Von Portim\u00e3o nach Vila do Bispo<\/a><\/li><li class=\"listing-item\"><a class=\"title\" href=\"https:\/\/OnSouthernRoads.lipkowitsch.de\/index.php\/2024\/03\/19\/ist-das-das-ende-von-europa\/\">Ist das das Ende von Europa?<\/a><\/li><li class=\"listing-item\"><a class=\"title\" href=\"https:\/\/OnSouthernRoads.lipkowitsch.de\/index.php\/2024\/03\/20\/von-vila-do-bispo-nach-maria-vinagre\/\">Von Vila do Bispo nach Maria Vinagre<\/a><\/li><li class=\"listing-item\"><a class=\"title\" href=\"https:\/\/OnSouthernRoads.lipkowitsch.de\/index.php\/2024\/03\/21\/von-maria-vinagre-nach-vila-nova-de-milfontes\/\">Von Maria Vinagre nach Vila Nova de Milfontes<\/a><\/li><li class=\"listing-item\"><a class=\"title\" href=\"https:\/\/OnSouthernRoads.lipkowitsch.de\/index.php\/2024\/03\/22\/von-vila-nova-de-milfontes-nach-vila-nova-de-santo-andre\/\">Von Vila Nova de Milfontes nach Vila Nova de Santo Andr\u00e9<\/a><\/li><li class=\"listing-item\"><a class=\"title\" href=\"https:\/\/OnSouthernRoads.lipkowitsch.de\/index.php\/2024\/03\/23\/von-vila-nova-de-santo-andre-nach-setubal\/\">Von Vila Nova de Santo Andr\u00e9 nach Set\u00fabal<\/a><\/li><li class=\"listing-item\"><a class=\"title\" href=\"https:\/\/OnSouthernRoads.lipkowitsch.de\/index.php\/2024\/03\/24\/ein-tag-pause-in-setubal\/\">Ein Tag Pause in Set\u00fabal<\/a><\/li><li class=\"listing-item\"><a class=\"title\" href=\"https:\/\/OnSouthernRoads.lipkowitsch.de\/index.php\/2024\/03\/26\/lisbon-story-revised\/\">Lisbon Story, revised<\/a><\/li><li class=\"listing-item\"><a class=\"title\" href=\"https:\/\/OnSouthernRoads.lipkowitsch.de\/index.php\/2024\/03\/26\/atlantik-tief\/\">Atlantik-Tief<\/a><\/li><li class=\"listing-item\"><a class=\"title\" href=\"https:\/\/OnSouthernRoads.lipkowitsch.de\/index.php\/2024\/03\/27\/lissabon-eine-schlangengrube\/\">Lissabon &#8211; eine Schlangengrube<\/a><\/li><li class=\"listing-item\"><a class=\"title\" href=\"https:\/\/OnSouthernRoads.lipkowitsch.de\/index.php\/2024\/03\/28\/mit-dem-bunten-bummelzug-nach-obidos-ob-der-tauber\/\">Mit dem bunten Bummelzug nach \u00d3bidos (ob der Tauber)<\/a><\/li><li class=\"listing-item\"><a class=\"title\" href=\"https:\/\/OnSouthernRoads.lipkowitsch.de\/index.php\/2024\/03\/29\/von-obidos-zu-den-riesenwellen-in-nazare\/\">Von \u00d3bidos zu den Riesenwellen in Nazar\u00e9<\/a><\/li><li class=\"listing-item\"><a class=\"title\" href=\"https:\/\/OnSouthernRoads.lipkowitsch.de\/index.php\/2024\/03\/30\/am-wilden-atlantik-entlang-nach-pedrogao\/\">Am wilden Atlantik entlang nach Pedrog\u00e3o<\/a><\/li><li class=\"listing-item\"><a class=\"title\" href=\"https:\/\/OnSouthernRoads.lipkowitsch.de\/index.php\/2024\/03\/31\/von-pedrogao-nach-figueira-do-foz\/\">Von Pedrog\u00e3o nach Figueira da Foz<\/a><\/li><li class=\"listing-item\"><a class=\"title\" href=\"https:\/\/OnSouthernRoads.lipkowitsch.de\/index.php\/2024\/04\/01\/von-figueira-da-foz-nach-costa-nova\/\">Von Figueira da Foz nach Costa Nova<\/a><\/li><li class=\"listing-item\"><a class=\"title\" href=\"https:\/\/OnSouthernRoads.lipkowitsch.de\/index.php\/2024\/04\/02\/wie-ein-fisch-im-wasser-nach-furadouro\/\">Wie ein Fisch im Wasser nach Furadouro<\/a><\/li><li class=\"listing-item\"><a class=\"title\" href=\"https:\/\/OnSouthernRoads.lipkowitsch.de\/index.php\/2024\/04\/04\/auf-dem-holzweg-nach-porto\/\">Auf dem Holzweg (nach Porto)<\/a><\/li><li class=\"listing-item\"><a class=\"title\" href=\"https:\/\/OnSouthernRoads.lipkowitsch.de\/index.php\/2024\/04\/04\/abgefuellt-mit-porto\/\">Abgef\u00fcllt mit Porto<\/a><\/li><li class=\"listing-item\"><a class=\"title\" href=\"https:\/\/OnSouthernRoads.lipkowitsch.de\/index.php\/2024\/04\/05\/von-porto-nach-carreco\/\">Von Porto nach Carre\u00e7o<\/a><\/li><\/ul>\n\n\n<p><div class=\"leaflet-map WPLeafletMap\" style=\"height:450px; width:100%;\"><\/div><script>\nwindow.WPLeafletMapPlugin = window.WPLeafletMapPlugin || [];\nwindow.WPLeafletMapPlugin.push(function WPLeafletMapShortcode() {\/*<script>*\/\nvar baseUrl = atob('aHR0cHM6Ly97c30udGlsZS5vcGVuc3RyZWV0bWFwLm9yZy97en0ve3h9L3t5fS5wbmc=');\nvar base = (!baseUrl && window.MQ) ?\n    window.MQ.mapLayer() : L.tileLayer(baseUrl,\n        L.Util.extend({}, {\n            detectRetina: 0,\n        },\n        {\"subdomains\":\"abc\",\"noWrap\":false,\"maxZoom\":19}        )\n    );\n    var options = L.Util.extend({}, {\n        layers: [base],\n        attributionControl: false\n    },\n    {\"zoomControl\":true,\"scrollWheelZoom\":true,\"doubleClickZoom\":false,\"fitBounds\":false,\"minZoom\":0,\"maxZoom\":19,\"maxBounds\":null,\"attribution\":\"<a href=\\\"http:\\\/\\\/leafletjs.com\\\" title=\\\"Eine Javascript-Bibliothek f\\u00fcr interaktive Karten\\\">Leaflet<\\\/a>; \\u00a9 <a href=\\\"http:\\\/\\\/www.openstreetmap.org\\\/copyright\\\">OpenStreetMap<\\\/a> Mitwirkende\"},\n    {});\nwindow.WPLeafletMapPlugin.createMap(options).setView([43.421172661911,1.84862364234],5);});<\/script>\n<script>\nwindow.WPLeafletMapPlugin = window.WPLeafletMapPlugin || [];\nwindow.WPLeafletMapPlugin.push(function WPLeafletScaleShortcode() {window.WPLeafletMapPlugin.createScale({});});<\/script>\n[leaflet-directory src=\/gpx\/gefahren\/Portugal elevation ]<br \/>\n[multielevation ]<\/p>\n","protected":false},"excerpt":{"rendered":"<p>Was in Erinnerung bleibt:-> die Orangenb\u00e4ume und der herrliche Duft, dazu der frisch gepresste Saft zum Fr\u00fchst\u00fcck-> die Pasteis und der gute Kaffee f\u00fcr 1 \u20ac-> gut gelauntes, hilfsbereites Personal-> die Vielfalt an tollen Appartements und Hotelzimmern-> die schrecklichen Ferienanlagen und Hotelburgen an der Algarve aber nicht nur dort-> das wichtigste Werkzeug auf portugiesischen Baustellen &hellip; <\/p>\n<p class=\"link-more\"><a href=\"https:\/\/OnSouthernRoads.lipkowitsch.de\/index.php\/2024\/04\/05\/von-porto-nach-carreco\/\" class=\"more-link\"><span class=\"screen-reader-text\">\u201eVon Porto nach Carre\u00e7o\u201c <\/span>weiterlesen<\/a><\/p>\n","protected":false},"author":1,"featured_media":0,"parent":0,"menu_order":0,"comment_status":"closed","ping_status":"closed","template":"","meta":{"footnotes":""},"class_list":["post-2727","page","type-page","status-publish","hentry"],"_links":{"self":[{"href":"https:\/\/OnSouthernRoads.lipkowitsch.de\/index.php\/wp-json\/wp\/v2\/pages\/2727","targetHints":{"allow":["GET"]}}],"collection":[{"href":"https:\/\/OnSouthernRoads.lipkowitsch.de\/index.php\/wp-json\/wp\/v2\/pages"}],"about":[{"href":"https:\/\/OnSouthernRoads.lipkowitsch.de\/index.php\/wp-json\/wp\/v2\/types\/page"}],"author":[{"embeddable":true,"href":"https:\/\/OnSouthernRoads.lipkowitsch.de\/index.php\/wp-json\/wp\/v2\/users\/1"}],"replies":[{"embeddable":true,"href":"https:\/\/OnSouthernRoads.lipkowitsch.de\/index.php\/wp-json\/wp\/v2\/comments?post=2727"}],"version-history":[{"count":12,"href":"https:\/\/OnSouthernRoads.lipkowitsch.de\/index.php\/wp-json\/wp\/v2\/pages\/2727\/revisions"}],"predecessor-version":[{"id":3759,"href":"https:\/\/OnSouthernRoads.lipkowitsch.de\/index.php\/wp-json\/wp\/v2\/pages\/2727\/revisions\/3759"}],"wp:attachment":[{"href":"https:\/\/OnSouthernRoads.lipkowitsch.de\/index.php\/wp-json\/wp\/v2\/media?parent=2727"}],"curies":[{"name":"wp","href":"https:\/\/api.w.org\/{rel}","templated":true}]}}