{"id":3605,"date":"2024-04-07T20:45:25","date_gmt":"2024-04-07T20:45:25","guid":{"rendered":"https:\/\/niko.lipkowitsch.de\/?page_id=3605"},"modified":"2024-05-01T19:45:24","modified_gmt":"2024-05-01T19:45:24","slug":"spanien","status":"publish","type":"page","link":"https:\/\/OnSouthernRoads.lipkowitsch.de\/index.php\/spanien\/","title":{"rendered":"Spanien"},"content":{"rendered":"\n<p>Was in Erinnerung bleibt:<br>-> von Tapas wird man nicht satt aber arm<br>-> von Pintxos kann man sehr lecker satt und arm werden <br>-> der Norden Spaniens ist im Fr\u00fchjahr triefnass, kalt und entsprechend gr\u00fcn<br>-> der Caf\u00e9 con Leche wird immer zu hei\u00df serviert, der Barista w\u00e4re in Italien seinen Job los<br>-> Akazien sind die Fichten Spaniens<br>-> reichlich Insekten und demzufolge V\u00f6gel, wie fr\u00fcher bei uns<br>-> auch in Spanien r\u00fccksichtsvolle Autofahrer<br>-> in den St\u00e4dten an vielen Kreuzungen Gr\u00fcn f\u00fcr Fu\u00dfg\u00e4nger in alle Richtungen (Vision Zero)<br>-> man braucht kein Bargeld<br>-> \u00dcberall gibt es Radler und es hei\u00dft auch noch so (allerdings nur in 200ml Flaschen)<br>-> Bocadillos con Jamon, also Schinkensemmeln, sind DAS Grundnahrungsmittel in Spanien<br>-> alle Toiletten sind mit Bewegungsmeldern mit einem landesweit einheitlichen Timeout von 5 Sekunden ausgestattet, um das Licht wieder einzuschalten muss man sich bewegen, nicht mein Problem, wenn dabei was daneben geht<\/p>\n\n\n\n<p>Die Etappen in den Provinzen Galizien, Kastilien und Leon, La Rioja, Navarra und dem Baskenland<\/p>\n\n\n<p><ul class=\"display-posts-listing\"><li class=\"listing-item\"><a class=\"title\" href=\"https:\/\/OnSouthernRoads.lipkowitsch.de\/index.php\/2024\/04\/06\/adeus-portugal\/\">Adeus Portugal<\/a><\/li><li class=\"listing-item\"><a class=\"title\" href=\"https:\/\/OnSouthernRoads.lipkowitsch.de\/index.php\/2024\/04\/07\/von-baiona-ueber-vigo-nach-pontevedras\/\">Von Baiona \u00fcber Vigo nach Pontevedra<\/a><\/li><li class=\"listing-item\"><a class=\"title\" href=\"https:\/\/OnSouthernRoads.lipkowitsch.de\/index.php\/2024\/04\/08\/von-pontevedra-nach-vilagarcia-de-arouso\/\">Von Pontevedra nach Vilagarcia de Arouso<\/a><\/li><li class=\"listing-item\"><a class=\"title\" href=\"https:\/\/OnSouthernRoads.lipkowitsch.de\/index.php\/2024\/04\/09\/santiago-de-compostela\/\">Santiago de Compostela<\/a><\/li><li class=\"listing-item\"><a class=\"title\" href=\"https:\/\/OnSouthernRoads.lipkowitsch.de\/index.php\/2024\/04\/10\/die-wuerfel-sind-gefallen\/\">Die W\u00fcrfel sind gefallen<\/a><\/li><li class=\"listing-item\"><a class=\"title\" href=\"https:\/\/OnSouthernRoads.lipkowitsch.de\/index.php\/2024\/04\/11\/von-santiago-bis-melide-es-ist-sommer-in-den-bergen\/\">Von Santiago bis Melide, es ist Sommer in den Bergen!<\/a><\/li><li class=\"listing-item\"><a class=\"title\" href=\"https:\/\/OnSouthernRoads.lipkowitsch.de\/index.php\/2024\/04\/12\/gruessaugust-auf-dem-jakobsweg\/\">Gr\u00fc\u00dfaugust auf dem Jakobsweg<\/a><\/li><li class=\"listing-item\"><a class=\"title\" href=\"https:\/\/OnSouthernRoads.lipkowitsch.de\/index.php\/2024\/04\/13\/von-portomarin-nach-tricastela\/\">Von Portomarin nach Triacastela<\/a><\/li><\/ul><br \/>\n<ul class=\"display-posts-listing\"><li class=\"listing-item\"><a class=\"title\" href=\"https:\/\/OnSouthernRoads.lipkowitsch.de\/index.php\/2024\/04\/14\/von-triacastela-ueber-den-pass-alto-do-san-roque-nach-villafranca-del-bierzo\/\">Von Triacastela \u00fcber den Pass Alto do San Roque nach Villafranca del Bierzo<\/a><\/li><li class=\"listing-item\"><a class=\"title\" href=\"https:\/\/OnSouthernRoads.lipkowitsch.de\/index.php\/2024\/04\/15\/letzte-quael-dich-du-sau-etappe-fuer-diese-woche\/\">Letzte &#8216;Qu\u00e4l dich, du Sau&#8217;-Etappe (f\u00fcr diese Woche)<\/a><\/li><li class=\"listing-item\"><a class=\"title\" href=\"https:\/\/OnSouthernRoads.lipkowitsch.de\/index.php\/2024\/04\/16\/ueber-den-alto-de-foncebadon-nach-astorga\/\">\u00dcber den Alto de Foncebadon nach Astorga<\/a><\/li><li class=\"listing-item\"><a class=\"title\" href=\"https:\/\/OnSouthernRoads.lipkowitsch.de\/index.php\/2024\/04\/17\/flach-flacher-von-astorga-nach-leon\/\">Flach, flacher, von Astorga nach Leon<\/a><\/li><li class=\"listing-item\"><a class=\"title\" href=\"https:\/\/OnSouthernRoads.lipkowitsch.de\/index.php\/2024\/04\/18\/leon-nur-zu-fuss\/\">Le\u00f3n, nur zu Fu\u00df<\/a><\/li><li class=\"listing-item\"><a class=\"title\" href=\"https:\/\/OnSouthernRoads.lipkowitsch.de\/index.php\/2024\/04\/19\/von-leon-nach-sahagun\/\">Von Le\u00f3n nach Sahagun<\/a><\/li><li class=\"listing-item\"><a class=\"title\" href=\"https:\/\/OnSouthernRoads.lipkowitsch.de\/index.php\/2024\/04\/20\/von-sahagun-nach-fromista\/\">Von Sahagun nach Fromista<\/a><\/li><li class=\"listing-item\"><a class=\"title\" href=\"https:\/\/OnSouthernRoads.lipkowitsch.de\/index.php\/2024\/04\/21\/von-fromista-nach-hontanas-durch-den-wind\/\">Von Fromista nach Hontanas, durch den Wind<\/a><\/li><li class=\"listing-item\"><a class=\"title\" href=\"https:\/\/OnSouthernRoads.lipkowitsch.de\/index.php\/2024\/04\/22\/von-hontanas-nach-burgos\/\">Von Hontanas nach Burgos<\/a><\/li><li class=\"listing-item\"><a class=\"title\" href=\"https:\/\/OnSouthernRoads.lipkowitsch.de\/index.php\/2024\/04\/23\/burgos-on-ice\/\">Burgos on Ice<\/a><\/li><li class=\"listing-item\"><a class=\"title\" href=\"https:\/\/OnSouthernRoads.lipkowitsch.de\/index.php\/2024\/04\/24\/von-burgos-nach-villafranca-montes-de-oca\/\">Von Burgos nach Villafranca Montes de Oca<\/a><\/li><\/ul><br \/>\n<ul class=\"display-posts-listing\"><li class=\"listing-item\"><a class=\"title\" href=\"https:\/\/OnSouthernRoads.lipkowitsch.de\/index.php\/2024\/04\/25\/von-villafranca-montes-de-oca-nach-azofra\/\">Von Villafranca Montes de Oca nach Azofra<\/a><\/li><li class=\"listing-item\"><a class=\"title\" href=\"https:\/\/OnSouthernRoads.lipkowitsch.de\/index.php\/2024\/04\/26\/durch-die-weinberge-la-riojas-nach-logrono\/\">Durch die Weinberge La Riojas nach Logro\u00f1o<\/a><\/li><li class=\"listing-item\"><a class=\"title\" href=\"https:\/\/OnSouthernRoads.lipkowitsch.de\/index.php\/2024\/04\/26\/geschmacksexplosionen-in-den-pintxo-bars-von-logrono\/\">Geschmacksexplosionen in den Pintxo Bars von Logro\u00f1o<\/a><\/li><\/ul><br \/>\n<ul class=\"display-posts-listing\"><li class=\"listing-item\"><a class=\"title\" href=\"https:\/\/OnSouthernRoads.lipkowitsch.de\/index.php\/2024\/04\/27\/von-logrono-in-das-kleine-bergdorf-cirauqui\/\">Von Logro\u00f1o in das kleine Bergdorf Cirauqui<\/a><\/li><li class=\"listing-item\"><a class=\"title\" href=\"https:\/\/OnSouthernRoads.lipkowitsch.de\/index.php\/2024\/04\/28\/von-cirauqui-nach-pamplona\/\">Von Cirauqui nach Pamplona<\/a><\/li><li class=\"listing-item\"><a class=\"title\" href=\"https:\/\/OnSouthernRoads.lipkowitsch.de\/index.php\/2024\/04\/29\/von-pamplona-nach-leitza\/\">Von Pamplona nach Leitza<\/a><\/li><\/ul><br \/>\n<ul class=\"display-posts-listing\"><li class=\"listing-item\"><a class=\"title\" href=\"https:\/\/OnSouthernRoads.lipkowitsch.de\/index.php\/2024\/04\/30\/via-verde-teil-2-bei-sonnenschein-nach-san-sebastian\/\">Via Verde, Teil 2 bei Sonnenschein, nach San Sebastian<\/a><\/li><li class=\"listing-item\"><a class=\"title\" href=\"https:\/\/OnSouthernRoads.lipkowitsch.de\/index.php\/2024\/05\/01\/regenpause-in-san-sebastian\/\">Regenpause in San Sebastian<\/a><\/li><\/ul><\/p>\n\n\n\n<p>Die Tage in Andalusien<\/p>\n\n\n<ul class=\"display-posts-listing\"><li class=\"listing-item\"><a class=\"title\" href=\"https:\/\/OnSouthernRoads.lipkowitsch.de\/index.php\/2024\/03\/05\/abflug-in-den-fruehling\/\">Abflug in den Fr\u00fchling<\/a><\/li><li class=\"listing-item\"><a class=\"title\" href=\"https:\/\/OnSouthernRoads.lipkowitsch.de\/index.php\/2024\/03\/06\/sevilla-plaza-de-espana\/\">Sevilla &#8211; Plaza de Espa\u00f1a<\/a><\/li><li class=\"listing-item\"><a class=\"title\" href=\"https:\/\/OnSouthernRoads.lipkowitsch.de\/index.php\/2024\/03\/08\/ein-tag-volles-programm\/\">Zwei Tage &#8216;Volles Programm&#8217;<\/a><\/li><li class=\"listing-item\"><a class=\"title\" href=\"https:\/\/OnSouthernRoads.lipkowitsch.de\/index.php\/2024\/03\/08\/sevilla-kirchen-und-palaeste\/\">Sevilla &#8211; Kirchen und Pal\u00e4ste<\/a><\/li><li class=\"listing-item\"><a class=\"title\" href=\"https:\/\/OnSouthernRoads.lipkowitsch.de\/index.php\/2024\/03\/08\/sevilla-architektur-und-gaerten\/\">Sevilla &#8211; Architektur und G\u00e4rten<\/a><\/li><li class=\"listing-item\"><a class=\"title\" href=\"https:\/\/OnSouthernRoads.lipkowitsch.de\/index.php\/2024\/03\/09\/alcazar\/\">Sevilla &#8211; Alc\u00e1zar<\/a><\/li><li class=\"listing-item\"><a class=\"title\" href=\"https:\/\/OnSouthernRoads.lipkowitsch.de\/index.php\/2024\/03\/10\/sevilla-in-der-altstadt-nur-zu-fuss\/\">Sevilla &#8211; in der Altstadt nur zu Fu\u00df<\/a><\/li><li class=\"listing-item\"><a class=\"title\" href=\"https:\/\/OnSouthernRoads.lipkowitsch.de\/index.php\/2024\/03\/10\/sevilla-ueber-die-parallelen-zu-pamplona\/\">Sevilla &#8211; \u00fcber die Parallelen zu Pamplona<\/a><\/li><li class=\"listing-item\"><a class=\"title\" href=\"https:\/\/OnSouthernRoads.lipkowitsch.de\/index.php\/2024\/03\/12\/weiter-mit-dem-zug-nach-huelva\/\">Weiter mit dem Zug nach Huelva<\/a><\/li><li class=\"listing-item\"><a class=\"title\" href=\"https:\/\/OnSouthernRoads.lipkowitsch.de\/index.php\/2024\/03\/13\/huelva-zwischen-suempfen-und-salzwiesen\/\">Huelva, zwischen S\u00fcmpfen und Salzwiesen<\/a><\/li><li class=\"listing-item\"><a class=\"title\" href=\"https:\/\/OnSouthernRoads.lipkowitsch.de\/index.php\/2024\/03\/14\/von-huelva-nach-ayamonte\/\">Von Huelva nach Ayamonte<\/a><\/li><\/ul>\n\n\n<p><div class=\"leaflet-map WPLeafletMap\" style=\"height:450px; width:100%;\"><\/div><script>\nwindow.WPLeafletMapPlugin = window.WPLeafletMapPlugin || [];\nwindow.WPLeafletMapPlugin.push(function WPLeafletMapShortcode() {\/*<script>*\/\nvar baseUrl = atob('aHR0cHM6Ly97c30udGlsZS5vcGVuc3RyZWV0bWFwLm9yZy97en0ve3h9L3t5fS5wbmc=');\nvar base = (!baseUrl && window.MQ) ?\n    window.MQ.mapLayer() : L.tileLayer(baseUrl,\n        L.Util.extend({}, {\n            detectRetina: 0,\n        },\n        {\"subdomains\":\"abc\",\"noWrap\":false,\"maxZoom\":19}        )\n    );\n    var options = L.Util.extend({}, {\n        layers: [base],\n        attributionControl: false\n    },\n    {\"zoomControl\":true,\"scrollWheelZoom\":true,\"doubleClickZoom\":false,\"fitBounds\":false,\"minZoom\":0,\"maxZoom\":19,\"maxBounds\":null,\"attribution\":\"<a href=\\\"http:\\\/\\\/leafletjs.com\\\" title=\\\"Eine Javascript-Bibliothek f\\u00fcr interaktive Karten\\\">Leaflet<\\\/a>; \\u00a9 <a href=\\\"http:\\\/\\\/www.openstreetmap.org\\\/copyright\\\">OpenStreetMap<\\\/a> Mitwirkende\"},\n    {});\nwindow.WPLeafletMapPlugin.createMap(options).setView([43.421172661911,1.84862364234],5);});<\/script>\n<script>\nwindow.WPLeafletMapPlugin = window.WPLeafletMapPlugin || [];\nwindow.WPLeafletMapPlugin.push(function WPLeafletScaleShortcode() {window.WPLeafletMapPlugin.createScale({});});<\/script>\n[leaflet-directory src=\/gpx\/gefahren\/Spanien elevation ]<br \/>\n[multielevation ]<\/p>\n","protected":false},"excerpt":{"rendered":"<p>Was in Erinnerung bleibt:-> von Tapas wird man nicht satt aber arm-> von Pintxos kann man sehr lecker satt und arm werden -> der Norden Spaniens ist im Fr\u00fchjahr triefnass, kalt und entsprechend gr\u00fcn-> der Caf\u00e9 con Leche wird immer zu hei\u00df serviert, der Barista w\u00e4re in Italien seinen Job los-> Akazien sind die Fichten &hellip; <\/p>\n<p class=\"link-more\"><a href=\"https:\/\/OnSouthernRoads.lipkowitsch.de\/index.php\/2024\/03\/14\/von-huelva-nach-ayamonte\/\" class=\"more-link\"><span class=\"screen-reader-text\">\u201eVon Huelva nach Ayamonte\u201c <\/span>weiterlesen<\/a><\/p>\n","protected":false},"author":1,"featured_media":0,"parent":0,"menu_order":0,"comment_status":"closed","ping_status":"closed","template":"","meta":{"footnotes":""},"class_list":["post-3605","page","type-page","status-publish","hentry"],"_links":{"self":[{"href":"https:\/\/OnSouthernRoads.lipkowitsch.de\/index.php\/wp-json\/wp\/v2\/pages\/3605","targetHints":{"allow":["GET"]}}],"collection":[{"href":"https:\/\/OnSouthernRoads.lipkowitsch.de\/index.php\/wp-json\/wp\/v2\/pages"}],"about":[{"href":"https:\/\/OnSouthernRoads.lipkowitsch.de\/index.php\/wp-json\/wp\/v2\/types\/page"}],"author":[{"embeddable":true,"href":"https:\/\/OnSouthernRoads.lipkowitsch.de\/index.php\/wp-json\/wp\/v2\/users\/1"}],"replies":[{"embeddable":true,"href":"https:\/\/OnSouthernRoads.lipkowitsch.de\/index.php\/wp-json\/wp\/v2\/comments?post=3605"}],"version-history":[{"count":24,"href":"https:\/\/OnSouthernRoads.lipkowitsch.de\/index.php\/wp-json\/wp\/v2\/pages\/3605\/revisions"}],"predecessor-version":[{"id":4265,"href":"https:\/\/OnSouthernRoads.lipkowitsch.de\/index.php\/wp-json\/wp\/v2\/pages\/3605\/revisions\/4265"}],"wp:attachment":[{"href":"https:\/\/OnSouthernRoads.lipkowitsch.de\/index.php\/wp-json\/wp\/v2\/media?parent=3605"}],"curies":[{"name":"wp","href":"https:\/\/api.w.org\/{rel}","templated":true}]}}