{"id":4227,"date":"2024-05-02T20:13:48","date_gmt":"2024-05-02T20:13:48","guid":{"rendered":"https:\/\/niko.lipkowitsch.de\/?page_id=4227"},"modified":"2024-06-09T19:22:17","modified_gmt":"2024-06-09T19:22:17","slug":"frankreich","status":"publish","type":"page","link":"https:\/\/OnSouthernRoads.lipkowitsch.de\/index.php\/frankreich\/","title":{"rendered":"Frankreich"},"content":{"rendered":"\n<p>Verglichen mit Spanien\/Portugal ist der Radfahrer in Frankreich ein St\u00f6rfaktor auf der Stra\u00dfe und wird so gut es geht verbannt auf gemeinsame Rad\/Fu\u00dfwege meist schlechter Qualit\u00e4t. An jeder Hofeinfahrt hat der Radfahrer ein &#8216;Vorfahrt achten&#8217; Schild oder gar ein Stoppschild vor der Nase, teilweise sind sogar Wildwechsel und Feldwege so abgesichert- absurdes Theater. An den Kreiseln werden die Radwege in verschlungenen Kurven gef\u00fchrt und mit Schikanen versehen, damit man mit m\u00f6glichst geringer Geschwindigkeit vom Auto erfasst wird.<\/p>\n\n\n\n<p>Ab Bordeaux geht es auf separierten Radwegen, alten Bahntrassen und Treidelpfaden am Kanal entlang, da sind die Verh\u00e4ltnisse g\u00e4nzlich anders, zum positiven.<\/p>\n\n\n\n<p>Anders als in Spanien muss man sein Croissant in Frankreich mit den Fingern essen!<\/p>\n\n\n\n<p>Die Etappen in den Provinzen Aquitaine, Occitanie, Camargue, Provence, Rh\u00f4ne-Alpes und Savoyen<\/p>\n\n\n<p><ul class=\"display-posts-listing\"><li class=\"listing-item\"><a class=\"title\" href=\"https:\/\/OnSouthernRoads.lipkowitsch.de\/index.php\/2024\/05\/02\/adios-espana-von-san-sebastian-nach-biarritz\/\">Adios Espa\u00f1a, von San Sebastian nach Biarritz<\/a><\/li><li class=\"listing-item\"><a class=\"title\" href=\"https:\/\/OnSouthernRoads.lipkowitsch.de\/index.php\/2024\/05\/03\/von-biarritz-nach-vieux-boucau-les-bains\/\">Von Biarritz nach Vieux Boucau Les Bains<\/a><\/li><li class=\"listing-item\"><a class=\"title\" href=\"https:\/\/OnSouthernRoads.lipkowitsch.de\/index.php\/2024\/05\/04\/hinter-den-duenen-nach-saint-julien-en-born\/\">Hinter den D\u00fcnen nach Saint Julien en Born<\/a><\/li><li class=\"listing-item\"><a class=\"title\" href=\"https:\/\/OnSouthernRoads.lipkowitsch.de\/index.php\/2024\/05\/05\/im-niemandsland-nach-biscarrosse\/\">Im Niemandsland nach Biscarrosse<\/a><\/li><li class=\"listing-item\"><a class=\"title\" href=\"https:\/\/OnSouthernRoads.lipkowitsch.de\/index.php\/2024\/05\/06\/la-grand-dune-du-pilat-die-groesste-wanderduene-europas\/\">&#8216;La Grand Dune du Pilat&#8217;, die gr\u00f6\u00dfte Wanderd\u00fcne Europas<\/a><\/li><li class=\"listing-item\"><a class=\"title\" href=\"https:\/\/OnSouthernRoads.lipkowitsch.de\/index.php\/2024\/05\/07\/nach-dem-austernfruehstueck-mit-dem-zug-gefahren\/\">Nach dem Austernfr\u00fchst\u00fcck mit dem Zug gefahren<\/a><\/li><li class=\"listing-item\"><a class=\"title\" href=\"https:\/\/OnSouthernRoads.lipkowitsch.de\/index.php\/2024\/05\/08\/freiertag-in-bordeaux\/\">F(r)eiertag in Bordeaux<\/a><\/li><li class=\"listing-item\"><a class=\"title\" href=\"https:\/\/OnSouthernRoads.lipkowitsch.de\/index.php\/2024\/05\/09\/durch-das-bordelais-nach-la-reole\/\">Durch das Bordelais nach La R\u00e9ole<\/a><\/li><li class=\"listing-item\"><a class=\"title\" href=\"https:\/\/OnSouthernRoads.lipkowitsch.de\/index.php\/2024\/05\/10\/durchs-gruene-gewoelbe-entlang-des-canal-de-garonne-nach-serignac\/\">Durch&#8217;s gr\u00fcne Gew\u00f6lbe entlang des  &#8216;Canal de Garonne&#8217; nach Serignac<\/a><\/li><\/ul><br \/>\n<ul class=\"display-posts-listing\"><li class=\"listing-item\"><a class=\"title\" href=\"https:\/\/OnSouthernRoads.lipkowitsch.de\/index.php\/2024\/05\/11\/von-serignac-nach-moissac\/\">Von Serignac nach Moissac<\/a><\/li><li class=\"listing-item\"><a class=\"title\" href=\"https:\/\/OnSouthernRoads.lipkowitsch.de\/index.php\/2024\/05\/12\/immer-an-der-kanal-wand-entlang-nach-toulouse\/\">Immer an der (Kanal-) Wand entlang nach Toulouse<\/a><\/li><li class=\"listing-item\"><a class=\"title\" href=\"https:\/\/OnSouthernRoads.lipkowitsch.de\/index.php\/2024\/05\/13\/die-schleuser-am-canal-du-midi\/\">Die Schleuser am Canal du Midi<\/a><\/li><li class=\"listing-item\"><a class=\"title\" href=\"https:\/\/OnSouthernRoads.lipkowitsch.de\/index.php\/2024\/05\/14\/durch-einen-seitenarm-des-canal-du-midi-nach-carcassonne\/\">Durch einen Seitenarm des Canal du Midi nach Carcassonne<\/a><\/li><li class=\"listing-item\"><a class=\"title\" href=\"https:\/\/OnSouthernRoads.lipkowitsch.de\/index.php\/2024\/05\/15\/carcassonne-in-3d-gespielt\/\">Carcassonne in 3D gespielt<\/a><\/li><li class=\"listing-item\"><a class=\"title\" href=\"https:\/\/OnSouthernRoads.lipkowitsch.de\/index.php\/2024\/05\/16\/von-carcassonne-in-das-dorf-roubia\/\">Von Carcassonne in das Dorf Roubia<\/a><\/li><li class=\"listing-item\"><a class=\"title\" href=\"https:\/\/OnSouthernRoads.lipkowitsch.de\/index.php\/2024\/05\/17\/von-roubia-nach-beziers\/\">Von Roubia nach B\u00e9ziers<\/a><\/li><li class=\"listing-item\"><a class=\"title\" href=\"https:\/\/OnSouthernRoads.lipkowitsch.de\/index.php\/2024\/05\/18\/von-beziers-ans-mittelmeer-nach-sete\/\">Von B\u00e9ziers ans Mittelmeer nach S\u00e8te<\/a><\/li><li class=\"listing-item\"><a class=\"title\" href=\"https:\/\/OnSouthernRoads.lipkowitsch.de\/index.php\/2024\/05\/19\/sandalenwetter-in-sete\/\">Sandalenwetter in S\u00e8te<\/a><\/li><\/ul><br \/>\n<ul class=\"display-posts-listing\"><li class=\"listing-item\"><a class=\"title\" href=\"https:\/\/OnSouthernRoads.lipkowitsch.de\/index.php\/2024\/05\/20\/von-sete-nach-aigues-mortes-zurueck-ins-mittelalter\/\">Von S\u00e8te nach Aigues-Mortes, zur\u00fcck ins Mittelalter<\/a><\/li><li class=\"listing-item\"><a class=\"title\" href=\"https:\/\/OnSouthernRoads.lipkowitsch.de\/index.php\/2024\/05\/21\/durch-die-camargue-nach-salin-de-giraud\/\">Durch die Camargue nach Salin-de-Giraud<\/a><\/li><li class=\"listing-item\"><a class=\"title\" href=\"https:\/\/OnSouthernRoads.lipkowitsch.de\/index.php\/2024\/05\/22\/von-salin-de-giraud-nach-arles\/\">Von Salin-de-Giraud nach Arles<\/a><\/li><li class=\"listing-item\"><a class=\"title\" href=\"https:\/\/OnSouthernRoads.lipkowitsch.de\/index.php\/2024\/05\/26\/arles-und-pont-du-gard\/\">Arles und Pont du Gard<\/a><\/li><\/ul><br \/>\n<ul class=\"display-posts-listing\"><li class=\"listing-item\"><a class=\"title\" href=\"https:\/\/OnSouthernRoads.lipkowitsch.de\/index.php\/2024\/05\/29\/es-geht-weiter-von-arles-nach-avignon\/\">Es geht weiter: Von Arles nach Avignon<\/a><\/li><li class=\"listing-item\"><a class=\"title\" href=\"https:\/\/OnSouthernRoads.lipkowitsch.de\/index.php\/2024\/05\/30\/von-avignon-nach-mornas\/\">Von Avignon nach Mornas<\/a><\/li><li class=\"listing-item\"><a class=\"title\" href=\"https:\/\/OnSouthernRoads.lipkowitsch.de\/index.php\/2024\/05\/31\/erholungsurlaub-in-mornas\/\">Erholungsurlaub in Mornas<\/a><\/li><\/ul><br \/>\n<ul class=\"display-posts-listing\"><li class=\"listing-item\"><a class=\"title\" href=\"https:\/\/OnSouthernRoads.lipkowitsch.de\/index.php\/2024\/06\/01\/von-mornas-nach-rochemaure\/\">Von Mornas nach Rochemaure<\/a><\/li><li class=\"listing-item\"><a class=\"title\" href=\"https:\/\/OnSouthernRoads.lipkowitsch.de\/index.php\/2024\/06\/02\/von-rochmaure-mit-dem-zug-nach-tournon-sur-rhone\/\">Von Rochmaure mit dem Zug nach Tournon-sur-Rh\u00f4ne<\/a><\/li><li class=\"listing-item\"><a class=\"title\" href=\"https:\/\/OnSouthernRoads.lipkowitsch.de\/index.php\/2024\/06\/03\/ein-tag-im-garten-eden\/\">Ein Tag im Garten Eden<\/a><\/li><li class=\"listing-item\"><a class=\"title\" href=\"https:\/\/OnSouthernRoads.lipkowitsch.de\/index.php\/2024\/06\/04\/von-tournon-nach-sablons\/\">Von Tournon nach Sablons<\/a><\/li><li class=\"listing-item\"><a class=\"title\" href=\"https:\/\/OnSouthernRoads.lipkowitsch.de\/index.php\/2024\/06\/05\/von-sablons-nach-lyon\/\">Von Sablons nach Lyon<\/a><\/li><li class=\"listing-item\"><a class=\"title\" href=\"https:\/\/OnSouthernRoads.lipkowitsch.de\/index.php\/2024\/06\/07\/schlemmertour-durch-lyon\/\">Schlemmertour durch Lyon<\/a><\/li><li class=\"listing-item\"><a class=\"title\" href=\"https:\/\/OnSouthernRoads.lipkowitsch.de\/index.php\/2024\/06\/07\/von-lyon-nach-hieres-sur-amby\/\">Von Lyon nach Hi\u00e8res-sur-Amby<\/a><\/li><\/ul><ul class=\"display-posts-listing\"><li class=\"listing-item\"><a class=\"title\" href=\"https:\/\/OnSouthernRoads.lipkowitsch.de\/index.php\/2024\/06\/08\/von-hieres-sur-amby-nach-saint-genix-les-villages\/\">Von Hi\u00e8res-sur-Amby nach Saint-Genix-les-Villages<\/a><\/li><li class=\"listing-item\"><a class=\"title\" href=\"https:\/\/OnSouthernRoads.lipkowitsch.de\/index.php\/2024\/06\/09\/von-saint-genix-nach-chanaz\/\">Von Saint-Genix nach Chanaz<\/a><\/li><li class=\"listing-item\"><a class=\"title\" href=\"https:\/\/OnSouthernRoads.lipkowitsch.de\/index.php\/2024\/06\/10\/durch-die-jura-berge-nach-vulbens\/\">Durch die Jura-Berge nach Vulbens<\/a><\/li><\/ul><\/p>\n\n\n<p><div class=\"leaflet-map WPLeafletMap\" style=\"height:450px; width:100%;\"><\/div><script>\nwindow.WPLeafletMapPlugin = window.WPLeafletMapPlugin || [];\nwindow.WPLeafletMapPlugin.push(function WPLeafletMapShortcode() {\/*<script>*\/\nvar baseUrl = atob('aHR0cHM6Ly97c30udGlsZS5vcGVuc3RyZWV0bWFwLm9yZy97en0ve3h9L3t5fS5wbmc=');\nvar base = (!baseUrl && window.MQ) ?\n    window.MQ.mapLayer() : L.tileLayer(baseUrl,\n        L.Util.extend({}, {\n            detectRetina: 0,\n        },\n        {\"subdomains\":\"abc\",\"noWrap\":false,\"maxZoom\":19}        )\n    );\n    var options = L.Util.extend({}, {\n        layers: [base],\n        attributionControl: false\n    },\n    {\"zoomControl\":true,\"scrollWheelZoom\":true,\"doubleClickZoom\":false,\"fitBounds\":false,\"minZoom\":0,\"maxZoom\":19,\"maxBounds\":null,\"attribution\":\"<a href=\\\"http:\\\/\\\/leafletjs.com\\\" title=\\\"Eine Javascript-Bibliothek f\\u00fcr interaktive Karten\\\">Leaflet<\\\/a>; \\u00a9 <a href=\\\"http:\\\/\\\/www.openstreetmap.org\\\/copyright\\\">OpenStreetMap<\\\/a> Mitwirkende\"},\n    {});\nwindow.WPLeafletMapPlugin.createMap(options).setView([43.421172661911,1.84862364234],5);});<\/script>\n<script>\nwindow.WPLeafletMapPlugin = window.WPLeafletMapPlugin || [];\nwindow.WPLeafletMapPlugin.push(function WPLeafletScaleShortcode() {window.WPLeafletMapPlugin.createScale({});});<\/script>\n[leaflet-directory src=\/gpx\/gefahren\/Frankreich elevation ]<br \/>\n[multielevation ]<\/p>\n","protected":false},"excerpt":{"rendered":"<p>Verglichen mit Spanien\/Portugal ist der Radfahrer in Frankreich ein St\u00f6rfaktor auf der Stra\u00dfe und wird so gut es geht verbannt auf gemeinsame Rad\/Fu\u00dfwege meist schlechter Qualit\u00e4t. An jeder Hofeinfahrt hat der Radfahrer ein &#8216;Vorfahrt achten&#8217; Schild oder gar ein Stoppschild vor der Nase, teilweise sind sogar Wildwechsel und Feldwege so abgesichert- absurdes Theater. An den &hellip; <\/p>\n<p class=\"link-more\"><a href=\"https:\/\/OnSouthernRoads.lipkowitsch.de\/index.php\/2024\/06\/10\/durch-die-jura-berge-nach-vulbens\/\" class=\"more-link\"><span class=\"screen-reader-text\">\u201eDurch die Jura-Berge nach Vulbens\u201c <\/span>weiterlesen<\/a><\/p>\n","protected":false},"author":1,"featured_media":0,"parent":0,"menu_order":0,"comment_status":"closed","ping_status":"closed","template":"","meta":{"footnotes":""},"class_list":["post-4227","page","type-page","status-publish","hentry"],"_links":{"self":[{"href":"https:\/\/OnSouthernRoads.lipkowitsch.de\/index.php\/wp-json\/wp\/v2\/pages\/4227","targetHints":{"allow":["GET"]}}],"collection":[{"href":"https:\/\/OnSouthernRoads.lipkowitsch.de\/index.php\/wp-json\/wp\/v2\/pages"}],"about":[{"href":"https:\/\/OnSouthernRoads.lipkowitsch.de\/index.php\/wp-json\/wp\/v2\/types\/page"}],"author":[{"embeddable":true,"href":"https:\/\/OnSouthernRoads.lipkowitsch.de\/index.php\/wp-json\/wp\/v2\/users\/1"}],"replies":[{"embeddable":true,"href":"https:\/\/OnSouthernRoads.lipkowitsch.de\/index.php\/wp-json\/wp\/v2\/comments?post=4227"}],"version-history":[{"count":14,"href":"https:\/\/OnSouthernRoads.lipkowitsch.de\/index.php\/wp-json\/wp\/v2\/pages\/4227\/revisions"}],"predecessor-version":[{"id":4889,"href":"https:\/\/OnSouthernRoads.lipkowitsch.de\/index.php\/wp-json\/wp\/v2\/pages\/4227\/revisions\/4889"}],"wp:attachment":[{"href":"https:\/\/OnSouthernRoads.lipkowitsch.de\/index.php\/wp-json\/wp\/v2\/media?parent=4227"}],"curies":[{"name":"wp","href":"https:\/\/api.w.org\/{rel}","templated":true}]}}