{"id":4890,"date":"2024-06-11T15:57:14","date_gmt":"2024-06-11T15:57:14","guid":{"rendered":"https:\/\/niko.lipkowitsch.de\/?page_id=4890"},"modified":"2024-06-21T15:56:06","modified_gmt":"2024-06-21T15:56:06","slug":"schweiz","status":"publish","type":"page","link":"https:\/\/OnSouthernRoads.lipkowitsch.de\/index.php\/schweiz\/","title":{"rendered":"Schweiz"},"content":{"rendered":"\n<p>Die Stra\u00dfen in der Schweiz sind eine Freude, verglichen mit den Buckelpisten in Frankreich!<br>Franz\u00f6sisch ist hingegen leichter zu verstehen als Schwizerd\u00fctsch<\/p>\n\n\n\n<p>Die Etappen in der Schweiz<\/p>\n\n\n<p><ul class=\"display-posts-listing\"><li class=\"listing-item\"><a class=\"title\" href=\"https:\/\/OnSouthernRoads.lipkowitsch.de\/index.php\/2024\/06\/11\/an-den-genfer-see-nach-excenevex\/\">An den Genfer See nach Excenevex<\/a><\/li><li class=\"listing-item\"><a class=\"title\" href=\"https:\/\/OnSouthernRoads.lipkowitsch.de\/index.php\/2024\/06\/12\/adieu-la-france-grueezi-schweiz\/\">Adieu La France, Gr\u00fcezi Schweiz<\/a><\/li><\/ul><br \/>\n<ul class=\"display-posts-listing\"><li class=\"listing-item\"><a class=\"title\" href=\"https:\/\/OnSouthernRoads.lipkowitsch.de\/index.php\/2024\/06\/13\/von-vauvry-nach-sion-rein-in-die-alpen\/\">Von Vauvry nach Sion, rein in die Walliser Alpen<\/a><\/li><li class=\"listing-item\"><a class=\"title\" href=\"https:\/\/OnSouthernRoads.lipkowitsch.de\/index.php\/2024\/06\/14\/von-sion-nach-brig-mit-seilbahnabenteuer\/\">Von Sion nach Brig, mit Seilbahnabenteuer<\/a><\/li><li class=\"listing-item\"><a class=\"title\" href=\"https:\/\/OnSouthernRoads.lipkowitsch.de\/index.php\/2024\/06\/15\/der-folterknecht-in-der-briger-therme\/\">Der Folterknecht in der Briger Therme<\/a><\/li><li class=\"listing-item\"><a class=\"title\" href=\"https:\/\/OnSouthernRoads.lipkowitsch.de\/index.php\/2024\/06\/16\/transalp-feeling-auf-den-letzten-kilometern-des-rhone-radwegs\/\">Transalp-Feeling auf den letzten Kilometern des Rh\u00f4ne Radwegs<\/a><\/li><\/ul><br \/>\n<ul class=\"display-posts-listing\"><li class=\"listing-item\"><a class=\"title\" href=\"https:\/\/OnSouthernRoads.lipkowitsch.de\/index.php\/2024\/06\/17\/furka-wintersperre-extra-fuer-susi-um-eine-woche-verlaengert\/\">Furka Wintersperre extra f\u00fcr Susi um eine Woche verl\u00e4ngert<\/a><\/li><\/ul><br \/>\n<ul class=\"display-posts-listing\"><li class=\"listing-item\"><a class=\"title\" href=\"https:\/\/OnSouthernRoads.lipkowitsch.de\/index.php\/2024\/06\/18\/ueber-den-oberalp-pass-ins-rheintal-nach-disentis\/\">\u00dcber den Oberalp Pass ins Rheintal nach Disentis<\/a><\/li><li class=\"listing-item\"><a class=\"title\" href=\"https:\/\/OnSouthernRoads.lipkowitsch.de\/index.php\/2024\/06\/19\/von-disentis-nach-valendas\/\">Von Disentis nach Valendas<\/a><\/li><li class=\"listing-item\"><a class=\"title\" href=\"https:\/\/OnSouthernRoads.lipkowitsch.de\/index.php\/2024\/06\/20\/vom-bergbauern-in-valendas-durch-die-rheinschlucht-zum-weinbauer-in-jenins\/\">Vom Bergbauern in Valendas durch die Rheinschlucht zum Weinbauer in Jenins<\/a><\/li><\/ul><br \/>\n<ul class=\"display-posts-listing\"><li class=\"listing-item\"><a class=\"title\" href=\"https:\/\/OnSouthernRoads.lipkowitsch.de\/index.php\/2024\/06\/21\/von-jenins-durch-liechtenstein-nach-feldkirch\/\">Von Jenins durch Liechtenstein nach Feldkirch<\/a><\/li><li class=\"listing-item\"><a class=\"title\" href=\"https:\/\/OnSouthernRoads.lipkowitsch.de\/index.php\/2024\/06\/22\/3-laendertour-von-oesterreich-durch-die-schweiz-nach-friedrichshafen-nah-am-oder-im-wasser\/\">3 L\u00e4ndertour von \u00d6sterreich durch die Schweiz nach Friedrichshafen, nah am und im Wasser<\/a><\/li><\/ul><\/p>\n\n\n<p><div class=\"leaflet-map WPLeafletMap\" style=\"height:450px; width:100%;\"><\/div><script>\nwindow.WPLeafletMapPlugin = window.WPLeafletMapPlugin || [];\nwindow.WPLeafletMapPlugin.push(function WPLeafletMapShortcode() {\/*<script>*\/\nvar baseUrl = atob('aHR0cHM6Ly97c30udGlsZS5vcGVuc3RyZWV0bWFwLm9yZy97en0ve3h9L3t5fS5wbmc=');\nvar base = (!baseUrl && window.MQ) ?\n    window.MQ.mapLayer() : L.tileLayer(baseUrl,\n        L.Util.extend({}, {\n            detectRetina: 0,\n        },\n        {\"subdomains\":\"abc\",\"noWrap\":false,\"maxZoom\":19}        )\n    );\n    var options = L.Util.extend({}, {\n        layers: [base],\n        attributionControl: false\n    },\n    {\"zoomControl\":true,\"scrollWheelZoom\":true,\"doubleClickZoom\":false,\"fitBounds\":false,\"minZoom\":0,\"maxZoom\":19,\"maxBounds\":null,\"attribution\":\"<a href=\\\"http:\\\/\\\/leafletjs.com\\\" title=\\\"Eine Javascript-Bibliothek f\\u00fcr interaktive Karten\\\">Leaflet<\\\/a>; \\u00a9 <a href=\\\"http:\\\/\\\/www.openstreetmap.org\\\/copyright\\\">OpenStreetMap<\\\/a> Mitwirkende\"},\n    {});\nwindow.WPLeafletMapPlugin.createMap(options).setView([43.421172661911,1.84862364234],5);});<\/script>\n<script>\nwindow.WPLeafletMapPlugin = window.WPLeafletMapPlugin || [];\nwindow.WPLeafletMapPlugin.push(function WPLeafletScaleShortcode() {window.WPLeafletMapPlugin.createScale({});});<\/script>\n[leaflet-directory src=\/gpx\/gefahren\/Schweiz elevation ]<br \/>\n[multielevation ]<\/p>\n","protected":false},"excerpt":{"rendered":"<p>Die Stra\u00dfen in der Schweiz sind eine Freude, verglichen mit den Buckelpisten in Frankreich!Franz\u00f6sisch ist hingegen leichter zu verstehen als Schwizerd\u00fctsch Die Etappen in der Schweiz<\/p>\n","protected":false},"author":1,"featured_media":0,"parent":0,"menu_order":0,"comment_status":"closed","ping_status":"closed","template":"","meta":{"footnotes":""},"class_list":["post-4890","page","type-page","status-publish","hentry"],"_links":{"self":[{"href":"https:\/\/OnSouthernRoads.lipkowitsch.de\/index.php\/wp-json\/wp\/v2\/pages\/4890","targetHints":{"allow":["GET"]}}],"collection":[{"href":"https:\/\/OnSouthernRoads.lipkowitsch.de\/index.php\/wp-json\/wp\/v2\/pages"}],"about":[{"href":"https:\/\/OnSouthernRoads.lipkowitsch.de\/index.php\/wp-json\/wp\/v2\/types\/page"}],"author":[{"embeddable":true,"href":"https:\/\/OnSouthernRoads.lipkowitsch.de\/index.php\/wp-json\/wp\/v2\/users\/1"}],"replies":[{"embeddable":true,"href":"https:\/\/OnSouthernRoads.lipkowitsch.de\/index.php\/wp-json\/wp\/v2\/comments?post=4890"}],"version-history":[{"count":8,"href":"https:\/\/OnSouthernRoads.lipkowitsch.de\/index.php\/wp-json\/wp\/v2\/pages\/4890\/revisions"}],"predecessor-version":[{"id":5158,"href":"https:\/\/OnSouthernRoads.lipkowitsch.de\/index.php\/wp-json\/wp\/v2\/pages\/4890\/revisions\/5158"}],"wp:attachment":[{"href":"https:\/\/OnSouthernRoads.lipkowitsch.de\/index.php\/wp-json\/wp\/v2\/media?parent=4890"}],"curies":[{"name":"wp","href":"https:\/\/api.w.org\/{rel}","templated":true}]}}